{"id":16,"date":"2025-07-22T15:10:16","date_gmt":"2025-07-22T15:10:16","guid":{"rendered":"https:\/\/meos-isny.de\/buchung\/"},"modified":"2025-10-23T22:49:01","modified_gmt":"2025-10-23T22:49:01","slug":"buchung","status":"publish","type":"page","link":"https:\/\/meos-isny.de\/?page_id=16","title":{"rendered":"Co-Working\/Events"},"content":{"rendered":"\n<div class=\"wp-block-group alignwide has-background-background-color has-background has-global-padding is-layout-constrained wp-container-core-group-is-layout-7d1597ee wp-block-group-is-layout-constrained\" id=\"ueber-uns\" style=\"border-top-width:1px;margin-top:0;margin-bottom:0;padding-top:var(--wp--preset--spacing--60);padding-right:0;padding-bottom:var(--wp--preset--spacing--60);padding-left:0\">\n<div class=\"wp-block-columns alignwide is-layout-flex wp-container-core-columns-is-layout-d0bbbce0 wp-block-columns-is-layout-flex\">\n<div class=\"wp-block-column is-layout-flow wp-block-column-is-layout-flow\">\n<h2 class=\"wp-block-heading\">Arbeiten. Feiern. Gestalten.<\/h2>\n<\/div>\n\n\n\n<div class=\"wp-block-column is-layout-flow wp-block-column-is-layout-flow\">\n<p style=\"margin-top:16px\"><strong>Suchst Du den passenden Raum f\u00fcr Dein Vorhaben?<\/strong><br>Ob Workshop, Kurs, Junggesell:innen-Abschied, Geburtstag, Vereinstreffen, Weihnachtsfeier oder ein anderes Event \u2013 wir bieten Dir den passenden Rahmen. Mit oder ohne Catering, f\u00fcr einmalige Veranstaltungen oder regelm\u00e4\u00dfige Termine: Gemeinsam finden wir Dein individuelles Angebot.<br>Zus\u00e4tzlich kannst Du in unserem Co-Working-Bereich in Ruhe arbeiten \u2013 ausgestattet mit Arbeitsplatz, Bildschirm, Tastatur und Maus \u2013 und dabei feine Getr\u00e4nke sowie Speisen genie\u00dfen.<\/p>\n<\/div>\n<\/div>\n\n\n\n<div class=\"wp-block-group alignwide is-layout-grid wp-container-core-group-is-layout-9f4e5c95 wp-block-group-is-layout-grid\">\n<div style=\"aspect-ratio:16\/9;min-height:unset;\" class=\"wp-block-cover is-light has-aspect-ratio\"><img loading=\"lazy\" decoding=\"async\" width=\"1024\" height=\"750\" class=\"wp-block-cover__image-background wp-image-274 size-large\" alt=\"\" src=\"https:\/\/meos-isny.de\/wp-content\/uploads\/2025\/10\/meos_eventraum-1024x750.jpeg\" data-object-fit=\"cover\" srcset=\"https:\/\/meos-isny.de\/wp-content\/uploads\/2025\/10\/meos_eventraum-1024x750.jpeg 1024w, https:\/\/meos-isny.de\/wp-content\/uploads\/2025\/10\/meos_eventraum-300x220.jpeg 300w, https:\/\/meos-isny.de\/wp-content\/uploads\/2025\/10\/meos_eventraum-768x563.jpeg 768w, https:\/\/meos-isny.de\/wp-content\/uploads\/2025\/10\/meos_eventraum-1536x1125.jpeg 1536w, https:\/\/meos-isny.de\/wp-content\/uploads\/2025\/10\/meos_eventraum-2048x1500.jpeg 2048w\" sizes=\"auto, (max-width: 1024px) 100vw, 1024px\" \/><span aria-hidden=\"true\" class=\"wp-block-cover__background has-background-dim-0 has-background-dim\" style=\"background-color:#ad968b\"><\/span><div class=\"wp-block-cover__inner-container is-layout-flow wp-block-cover-is-layout-flow\">\n<p><\/p>\n<\/div><\/div>\n\n\n\n<div style=\"aspect-ratio:16\/9;min-height:unset;\" class=\"wp-block-cover is-light has-aspect-ratio\"><img loading=\"lazy\" decoding=\"async\" width=\"576\" height=\"432\" class=\"wp-block-cover__image-background wp-image-278 size-full\" alt=\"\" src=\"https:\/\/meos-isny.de\/wp-content\/uploads\/2025\/10\/peaks_meo_1-1.jpg\" data-object-fit=\"cover\" srcset=\"https:\/\/meos-isny.de\/wp-content\/uploads\/2025\/10\/peaks_meo_1-1.jpg 576w, https:\/\/meos-isny.de\/wp-content\/uploads\/2025\/10\/peaks_meo_1-1-300x225.jpg 300w\" sizes=\"auto, (max-width: 576px) 100vw, 576px\" \/><span aria-hidden=\"true\" class=\"wp-block-cover__background has-background-dim-0 has-background-dim\" style=\"background-color:#a9a091\"><\/span><div class=\"wp-block-cover__inner-container is-layout-flow wp-block-cover-is-layout-flow\">\n<div style=\"height:100px\" aria-hidden=\"true\" class=\"wp-block-spacer\"><\/div>\n<\/div><\/div>\n\n\n\n<div style=\"aspect-ratio:16\/9;min-height:unset;\" class=\"wp-block-cover is-light has-aspect-ratio\"><img loading=\"lazy\" decoding=\"async\" width=\"576\" height=\"432\" class=\"wp-block-cover__image-background wp-image-279 size-full\" alt=\"\" src=\"https:\/\/meos-isny.de\/wp-content\/uploads\/2025\/10\/peaks_meos_8.jpg\" data-object-fit=\"cover\" srcset=\"https:\/\/meos-isny.de\/wp-content\/uploads\/2025\/10\/peaks_meos_8.jpg 576w, https:\/\/meos-isny.de\/wp-content\/uploads\/2025\/10\/peaks_meos_8-300x225.jpg 300w\" sizes=\"auto, (max-width: 576px) 100vw, 576px\" \/><span aria-hidden=\"true\" class=\"wp-block-cover__background has-background-dim-0 has-background-dim\" style=\"background-color:#bbb6a8\"><\/span><div class=\"wp-block-cover__inner-container is-layout-flow wp-block-cover-is-layout-flow\">\n<div style=\"height:100px\" aria-hidden=\"true\" class=\"wp-block-spacer\"><\/div>\n<\/div><\/div>\n<\/div>\n<\/div>\n\n\n\n<div class=\"wp-block-group alignfull has-tertiary-background-color has-background has-global-padding is-layout-constrained wp-container-core-group-is-layout-6a1386d3 wp-block-group-is-layout-constrained\" id=\"veranstaltungen\" style=\"border-top-width:1px;margin-top:0;margin-bottom:0;padding-top:var(--wp--preset--spacing--60);padding-right:0;padding-bottom:var(--wp--preset--spacing--60);padding-left:0\">\n<div class=\"wp-block-columns alignwide is-layout-flex wp-container-core-columns-is-layout-1da03c2a wp-block-columns-is-layout-flex\">\n<div class=\"wp-block-column is-layout-flow wp-block-column-is-layout-flow\">\n<div class=\"wp-block-group has-global-padding is-content-justification-right is-layout-constrained wp-container-core-group-is-layout-f1f2ed93 wp-block-group-is-layout-constrained\">\n<h2 class=\"wp-block-heading\">Von Workshops bis Feiern \u2013 wir haben deinen Raum daf\u00fcr<\/h2>\n\n\n\n<p style=\"margin-top:16px\">Entdecke unsere aktuellen Events und Aktivit\u00e4ten, die zum Mitmachen einladen und unvergessliche Momente in unserer lebendigen Community schaffen.<\/p>\n<\/div>\n\n\n\n<div class=\"wp-block-buttons is-layout-flex wp-block-buttons-is-layout-flex\">\n<div class=\"wp-block-button\"><a class=\"wp-block-button__link wp-element-button\" href=\"https:\/\/meos-isny.de\/?post_type=tribe_events\">Zum Veranstaltungskalender<\/a><\/div>\n<\/div>\n<\/div>\n\n\n\n<div class=\"wp-block-column is-layout-flow wp-block-column-is-layout-flow\">\n<div class=\"wp-block-group has-global-padding is-content-justification-left is-layout-constrained wp-container-core-group-is-layout-12dd3699 wp-block-group-is-layout-constrained\">\n<div class=\"wp-block-group has-global-padding is-content-justification-center is-layout-constrained wp-container-core-group-is-layout-f2ca5b04 wp-block-group-is-layout-constrained\" style=\"border-width:1px;padding-top:var(--wp--preset--spacing--30);padding-right:var(--wp--preset--spacing--30);padding-bottom:var(--wp--preset--spacing--30);padding-left:var(--wp--preset--spacing--30)\">\n<div class=\"wp-block-group is-content-justification-space-between is-nowrap is-layout-flex wp-container-core-group-is-layout-cb46ffcb wp-block-group-is-layout-flex\">\n<h3 class=\"wp-block-heading\" style=\"font-size:clamp(14px, 0.875rem + ((1vw - 3.2px) * 0.625), 20px);line-height:1.5\">Deine M\u00f6glichkeiten und Preise <\/h3>\n<\/div>\n<\/div>\n\n\n\n<div class=\"wp-block-group has-global-padding is-content-justification-center is-layout-constrained wp-container-core-group-is-layout-f2ca5b04 wp-block-group-is-layout-constrained\" style=\"border-width:1px;padding-top:var(--wp--preset--spacing--30);padding-right:var(--wp--preset--spacing--30);padding-bottom:var(--wp--preset--spacing--30);padding-left:var(--wp--preset--spacing--30)\">\n<div class=\"wp-block-group is-content-justification-space-between is-nowrap is-layout-flex wp-container-core-group-is-layout-cb46ffcb wp-block-group-is-layout-flex\">\n<h3 class=\"wp-block-heading\" style=\"font-size:clamp(14px, 0.875rem + ((1vw - 3.2px) * 0.625), 20px);line-height:1.5\">Co-Working<\/h3>\n\n\n\n<p class=\"has-small-font-size\" style=\"margin-top:8px;text-transform:uppercase\">Dienstag bis Samstag\/10-17 Uhr<\/p>\n<\/div>\n\n\n\n<p class=\"has-small-font-size\" style=\"margin-top:16px\">Arbeite in Ruhe im separaten Raum mit Bildschirm, Tastatur und Maus \u2013 und erhalte 10\u202f% Rabatt auf Speisen. Erwerbe Deine 10er Karte f\u00fcr 60\u20ac.<\/p>\n<\/div>\n\n\n\n<div class=\"wp-block-group has-global-padding is-layout-constrained wp-container-core-group-is-layout-23b1a4dc wp-block-group-is-layout-constrained\" style=\"border-width:1px;padding-top:var(--wp--preset--spacing--30);padding-right:var(--wp--preset--spacing--30);padding-bottom:var(--wp--preset--spacing--30);padding-left:var(--wp--preset--spacing--30)\">\n<div class=\"wp-block-group is-content-justification-space-between is-nowrap is-layout-flex wp-container-core-group-is-layout-cb46ffcb wp-block-group-is-layout-flex\">\n<h3 class=\"wp-block-heading\" style=\"font-size:clamp(14px, 0.875rem + ((1vw - 3.2px) * 0.625), 20px);line-height:1.5\">Kurse Regelm\u00e4ssig<\/h3>\n\n\n\n<p class=\"has-small-font-size\" style=\"margin-top:8px;text-transform:uppercase\">Auf Anfrage\/20\u20ac pro Stunde <\/p>\n<\/div>\n\n\n\n<p class=\"has-small-font-size\" style=\"margin-top:16px\">Buche unser Wohnzimmer f\u00fcr Dein Kursangebot. Hier ist auch eine Anmietung au\u00dferhalb unserer Gesch\u00e4ftszeiten m\u00f6glich. <\/p>\n<\/div>\n\n\n\n<div class=\"wp-block-group has-global-padding is-layout-constrained wp-container-core-group-is-layout-23b1a4dc wp-block-group-is-layout-constrained\" style=\"border-width:1px;padding-top:var(--wp--preset--spacing--30);padding-right:var(--wp--preset--spacing--30);padding-bottom:var(--wp--preset--spacing--30);padding-left:var(--wp--preset--spacing--30)\">\n<div class=\"wp-block-group is-content-justification-space-between is-nowrap is-layout-flex wp-container-core-group-is-layout-cb46ffcb wp-block-group-is-layout-flex\">\n<h3 class=\"wp-block-heading\" style=\"font-size:clamp(14px, 0.875rem + ((1vw - 3.2px) * 0.625), 20px);line-height:1.5\">Workshops\/ Events<\/h3>\n\n\n\n<p class=\"has-small-font-size\" style=\"margin-top:8px;text-transform:uppercase\">auf Anfrage\/25\u20ac pro Stunde<\/p>\n<\/div>\n\n\n\n<p class=\"has-small-font-size\" style=\"margin-top:16px\">Du planst eine Veranstaltung mit oder ohne Essen. Komme gerne auf uns zu. Ab der 4. Stunde kostet das MEO\u00b4S Wohnzimmer 20\u20ac pro Stunde. Je nach Veranstaltungsformat kommt noch eine Endreinigungspauschale in H\u00f6he von 30\u20ac dazu.<\/p>\n<\/div>\n\n\n\n<div class=\"wp-block-group has-global-padding is-layout-constrained wp-container-core-group-is-layout-23b1a4dc wp-block-group-is-layout-constrained\" style=\"border-width:1px;padding-top:var(--wp--preset--spacing--30);padding-right:var(--wp--preset--spacing--30);padding-bottom:var(--wp--preset--spacing--30);padding-left:var(--wp--preset--spacing--30)\">\n<div class=\"wp-block-group is-content-justification-space-between is-nowrap is-layout-flex wp-container-core-group-is-layout-cb46ffcb wp-block-group-is-layout-flex\">\n<h3 class=\"wp-block-heading\" style=\"font-size:clamp(14px, 0.875rem + ((1vw - 3.2px) * 0.625), 20px);line-height:1.5\">Catering<\/h3>\n\n\n\n<p class=\"has-small-font-size\" style=\"margin-top:8px;text-transform:uppercase\">Individuelles Angebot auf Anfrage<\/p>\n<\/div>\n\n\n\n<p class=\"has-small-font-size\" style=\"margin-top:16px\">Es gibt etwas zu feiern und Du suchst nach einem rein pflanzlichen Men\u00fc f\u00fcr Deine G\u00e4ste? Wir stellen Dir gerne verschiedene Angebote zusammen, ganz individuell, nach Deinem Geschmack. Schreibe uns einfach an.<\/p>\n<\/div>\n<\/div>\n<\/div>\n<\/div>\n<\/div>\n\n\n\n<div class=\"wp-block-group alignfull has-background-background-color has-background has-global-padding is-layout-constrained wp-container-core-group-is-layout-6a1386d3 wp-block-group-is-layout-constrained\" id=\"kontakt\" style=\"border-top-width:1px;margin-top:0;margin-bottom:0;padding-top:var(--wp--preset--spacing--60);padding-right:0;padding-bottom:var(--wp--preset--spacing--60);padding-left:0\">\n<h2 class=\"wp-block-heading has-text-align-center\">Pflanzliche K\u00f6stlichkeiten frisch in Isny<\/h2>\n\n\n\n<div class=\"wp-block-buttons is-content-justification-center is-layout-flex wp-container-core-buttons-is-layout-a89b3969 wp-block-buttons-is-layout-flex\">\n<div class=\"wp-block-button\"><a class=\"wp-block-button__link has-text-align-center wp-element-button\" href=\"https:\/\/meos-isny.de\/?page_id=46\">Zur Speisekarte<\/a><\/div>\n<\/div>\n\n\n\n<p class=\"has-text-align-center\"><strong>Kanzeleistra\u00dfe 39, Isny<\/strong><\/p>\n\n\n\n<p class=\"has-text-align-center has-small-font-size\" style=\"margin-top:8px\"><a href=\"callto:\" title=\"+49-7562 6539003\">+49-7562 6539003<\/a><\/p>\n\n\n\n<p class=\"has-text-align-center has-small-font-size\" style=\"margin-top:8px\">mail@meos-isny.de<\/p>\n<\/div>\n","protected":false},"excerpt":{"rendered":"<p>Arbeiten. Feiern. Gestalten. Suchst Du den passenden Raum f\u00fcr Dein Vorhaben? Ob Workshop, Kurs, Junggesell:innen-Abschied, Geburtstag, Vereinstreffen, Weihnachtsfeier oder ein anderes Event \u2013 wir bieten Dir den passenden Rahmen. Mit oder [\u2026]<\/p>\n","protected":false},"author":1,"featured_media":0,"parent":0,"menu_order":3,"comment_status":"closed","ping_status":"closed","template":"page-with-title","meta":{"_EventAllDay":false,"_EventTimezone":"","_EventStartDate":"","_EventEndDate":"","_EventStartDateUTC":"","_EventEndDateUTC":"","_EventShowMap":false,"_EventShowMapLink":false,"_EventURL":"","_EventCost":"","_EventCostDescription":"","_EventCurrencySymbol":"","_EventCurrencyCode":"","_EventCurrencyPosition":"","_EventDateTimeSeparator":"","_EventTimeRangeSeparator":"","_EventOrganizerID":[],"_EventVenueID":[],"_OrganizerEmail":"","_OrganizerPhone":"","_OrganizerWebsite":"","_VenueAddress":"","_VenueCity":"","_VenueCountry":"","_VenueProvince":"","_VenueState":"","_VenueZip":"","_VenuePhone":"","_VenueURL":"","_VenueStateProvince":"","_VenueLat":"","_VenueLng":"","_VenueShowMap":false,"_VenueShowMapLink":false,"footnotes":""},"class_list":["post-16","page","type-page","status-publish","hentry"],"aioseo_notices":[],"_links":{"self":[{"href":"https:\/\/meos-isny.de\/index.php?rest_route=\/wp\/v2\/pages\/16","targetHints":{"allow":["GET"]}}],"collection":[{"href":"https:\/\/meos-isny.de\/index.php?rest_route=\/wp\/v2\/pages"}],"about":[{"href":"https:\/\/meos-isny.de\/index.php?rest_route=\/wp\/v2\/types\/page"}],"author":[{"embeddable":true,"href":"https:\/\/meos-isny.de\/index.php?rest_route=\/wp\/v2\/users\/1"}],"replies":[{"embeddable":true,"href":"https:\/\/meos-isny.de\/index.php?rest_route=%2Fwp%2Fv2%2Fcomments&post=16"}],"version-history":[{"count":9,"href":"https:\/\/meos-isny.de\/index.php?rest_route=\/wp\/v2\/pages\/16\/revisions"}],"predecessor-version":[{"id":468,"href":"https:\/\/meos-isny.de\/index.php?rest_route=\/wp\/v2\/pages\/16\/revisions\/468"}],"wp:attachment":[{"href":"https:\/\/meos-isny.de\/index.php?rest_route=%2Fwp%2Fv2%2Fmedia&parent=16"}],"curies":[{"name":"wp","href":"https:\/\/api.w.org\/{rel}","templated":true}]}}