{"id":236,"date":"2025-07-22T16:00:50","date_gmt":"2025-07-22T16:00:50","guid":{"rendered":"https:\/\/meos-isny.de\/start-5\/"},"modified":"2025-10-27T10:18:52","modified_gmt":"2025-10-27T10:18:52","slug":"start-5","status":"publish","type":"page","link":"https:\/\/meos-isny.de\/","title":{"rendered":"Start"},"content":{"rendered":"\n<div class=\"wp-block-group alignfull has-background-background-color has-background has-global-padding is-layout-constrained wp-block-group-is-layout-constrained\" style=\"border-top-width:1px;margin-top:0;margin-bottom:0;padding-top:0;padding-bottom:0\">\n<div class=\"wp-block-cover alignfull\" style=\"min-height:65vh;aspect-ratio:unset;\"><img loading=\"lazy\" decoding=\"async\" width=\"1024\" height=\"768\" class=\"wp-block-cover__image-background wp-image-241 size-large\" alt=\"\" src=\"https:\/\/meos-isny.de\/wp-content\/uploads\/2025\/07\/meos_bistro-1024x768.jpg\" data-object-fit=\"cover\" srcset=\"https:\/\/meos-isny.de\/wp-content\/uploads\/2025\/07\/meos_bistro-1024x768.jpg 1024w, https:\/\/meos-isny.de\/wp-content\/uploads\/2025\/07\/meos_bistro-300x225.jpg 300w, https:\/\/meos-isny.de\/wp-content\/uploads\/2025\/07\/meos_bistro-768x576.jpg 768w, https:\/\/meos-isny.de\/wp-content\/uploads\/2025\/07\/meos_bistro-1536x1152.jpg 1536w, https:\/\/meos-isny.de\/wp-content\/uploads\/2025\/07\/meos_bistro-2048x1536.jpg 2048w\" sizes=\"auto, (max-width: 1024px) 100vw, 1024px\" \/><span aria-hidden=\"true\" class=\"wp-block-cover__background has-background-dim-70 has-background-dim\" style=\"background-color:#1e1e1e\"><\/span><div class=\"wp-block-cover__inner-container has-global-padding is-layout-constrained wp-block-cover-is-layout-constrained\">\n<div class=\"wp-block-group alignwide has-global-padding is-layout-constrained wp-block-group-is-layout-constrained\">\n<h1 class=\"wp-block-heading alignwide has-text-align-center has-text-color has-link-color wp-elements-0e6197e4334b85999767e1240c7f72ac\" style=\"color:#f1f1f1;font-size:clamp(2.418rem, 2.418rem + ((1vw - 0.2rem) * 3.47), 4.5rem);\">Willkommen im MEO`S \u2013 Dein Raum <br>f\u00fcr Genuss und Events in Isny<\/h1>\n\n\n\n<div class=\"wp-block-buttons is-content-justification-center is-layout-flex wp-container-core-buttons-is-layout-d8c0be80 wp-block-buttons-is-layout-flex\" style=\"margin-top:var(--wp--preset--spacing--40)\">\n<div class=\"wp-block-button\"><a class=\"wp-block-button__link has-text-color has-background has-link-color wp-element-button\" href=\"https:\/\/meos-isny.de\/?page_id=16\" style=\"color:#1e1e1e;background-color:#f1f1f1\">Mehr erfahren<\/a><\/div>\n<\/div>\n<\/div>\n<\/div><\/div>\n<\/div>\n\n\n\n<div class=\"wp-block-group alignwide has-tertiary-background-color has-background has-global-padding is-layout-constrained wp-container-core-group-is-layout-7d1597ee wp-block-group-is-layout-constrained\" id=\"ueber-uns\" style=\"border-top-width:1px;margin-top:0;margin-bottom:0;padding-top:var(--wp--preset--spacing--60);padding-right:0;padding-bottom:var(--wp--preset--spacing--60);padding-left:0\">\n<div class=\"wp-block-columns alignwide is-layout-flex wp-container-core-columns-is-layout-d0bbbce0 wp-block-columns-is-layout-flex\">\n<div class=\"wp-block-column is-layout-flow wp-block-column-is-layout-flow\">\n<div class=\"wp-block-columns is-layout-flex wp-container-core-columns-is-layout-28f84493 wp-block-columns-is-layout-flex\">\n<div class=\"wp-block-column is-layout-flow wp-block-column-is-layout-flow\" style=\"flex-basis:100%\">\n<h2 class=\"wp-block-heading\"><strong>Komm zu uns, nimm Dir Zeit.<\/strong><\/h2>\n<\/div>\n<\/div>\n\n\n\n<p>Im MEO\u2019S begr\u00fc\u00dfen wir Dich mit Kaffeespezialit\u00e4ten, selbst gebackenem Kuchen sowie s\u00fc\u00dfen und herzhaften Leckereien. Auf Dich warten Wraps, wechselnder Mittagstisch, Pancakes und unsere abwechslungsreichen MEO\u2019s Bowls mit verschiedenen Toppings \u2013 alles frisch, mit Liebe und viel Bio-Qualit\u00e4t zubereitet. Unser gem\u00fctlicher Biergarten mitten in der Stadt l\u00e4dt Dich zum Ankommen und Abschalten ein, und unsere wechselnden Veranstaltungen machen jeden Besuch zu einem besonderen Erlebnis.<\/p>\n\n\n\n<div class=\"wp-block-buttons is-layout-flex wp-block-buttons-is-layout-flex\">\n<div class=\"wp-block-button\"><a class=\"wp-block-button__link wp-element-button\" href=\"https:\/\/meos-isny.de\/?page_id=31\">Zur wechselnden Wochenkarte<\/a><\/div>\n<\/div>\n\n\n\n<p>Wir \u2013 Desi und Melanie \u2013 freuen uns darauf, Dich im MEO\u2019S zu begr\u00fc\u00dfen.<\/p>\n<\/div>\n\n\n\n<div class=\"wp-block-column is-layout-flow wp-block-column-is-layout-flow\">\n<div class=\"wp-block-cover aligncenter has-custom-content-position is-position-top-left\"><img loading=\"lazy\" decoding=\"async\" width=\"1024\" height=\"1024\" class=\"wp-block-cover__image-background wp-image-242\" alt=\"Desi &amp; Melanie\" src=\"https:\/\/meos-isny.de\/wp-content\/uploads\/2025\/07\/Profilbild_startnext-1024x1024.jpg\" data-object-fit=\"cover\" srcset=\"https:\/\/meos-isny.de\/wp-content\/uploads\/2025\/07\/Profilbild_startnext-1024x1024.jpg 1024w, https:\/\/meos-isny.de\/wp-content\/uploads\/2025\/07\/Profilbild_startnext-300x300.jpg 300w, https:\/\/meos-isny.de\/wp-content\/uploads\/2025\/07\/Profilbild_startnext-150x150.jpg 150w, https:\/\/meos-isny.de\/wp-content\/uploads\/2025\/07\/Profilbild_startnext-768x768.jpg 768w, https:\/\/meos-isny.de\/wp-content\/uploads\/2025\/07\/Profilbild_startnext-1536x1536.jpg 1536w, https:\/\/meos-isny.de\/wp-content\/uploads\/2025\/07\/Profilbild_startnext-2048x2048.jpg 2048w\" sizes=\"auto, (max-width: 1024px) 100vw, 1024px\" \/><span aria-hidden=\"true\" class=\"wp-block-cover__background has-background-dim\"><\/span><div class=\"wp-block-cover__inner-container is-layout-flow wp-block-cover-is-layout-flow\">\n\n<p class=\"has-text-align-center has-large-font-size\"><\/p>\n\n<\/div><\/div>\n<\/div>\n<\/div>\n<\/div>\n\n\n\n<div class=\"wp-block-group alignfull has-background-background-color has-background has-global-padding is-layout-constrained wp-container-core-group-is-layout-7276a2bb wp-block-group-is-layout-constrained\" id=\"dienstleistungen\" style=\"border-top-width:1px;margin-top:0;margin-bottom:0;padding-top:var(--wp--preset--spacing--60);padding-right:var(--wp--preset--spacing--30);padding-bottom:var(--wp--preset--spacing--60);padding-left:var(--wp--preset--spacing--30)\">\n<h2 class=\"wp-block-heading alignwide has-text-align-center\">Genuss, Begegnung und Inspiration \u2013 an einem Ort.<\/h2>\n\n\n\n<p>Ob Fr\u00fchst\u00fcck, Mittagessen oder Kuchenpause \u2013 bei uns genie\u00dft Du&nbsp;rein pflanzliche, hausgemachte Gerichte geschmackvoll zubereitet. Wir m\u00f6chten niemanden \u00fcberzeugen, sondern Dir zeigen, wie abwechslungsreich und k\u00f6stlich pflanzliche K\u00fcche sein kann. St\u00f6bere durch regionale Kunst und Geschenkartikel in unserem Pop-up-Bereich, buche unser Wohnzimmer f\u00fcr Dein Event oder finde Ruhe zum arbeiten in unserem Co-Working Space \u2013 all diese M\u00f6glichkeiten findest Du bei uns.<\/p>\n\n\n\n<div class=\"wp-block-media-text alignwide has-media-on-the-right is-stacked-on-mobile is-vertically-aligned-center\"><div class=\"wp-block-media-text__content\">\n<p><strong>Rein<\/strong> <strong style=\"caret-color: rgb(0, 0, 0); color: rgb(0, 0, 0); white-space: normal;\">Pflanzliche K\u00fcche \u2013&nbsp;mit Liebe zubereitet<\/strong><br>Fr\u00fchst\u00fcck, Mittagessen, Kuchen &amp; Snacks \u2013 alles rein pflanzlich, hausgemacht und mit viel Wert auf Qualit\u00e4t und Herkunft.<\/p>\n<\/div><figure class=\"wp-block-media-text__media\"><img loading=\"lazy\" decoding=\"async\" width=\"1024\" height=\"768\" src=\"https:\/\/meos-isny.de\/wp-content\/uploads\/2025\/07\/meos_bistro-1-1024x768.jpg\" alt=\"\" class=\"wp-image-246 size-full\" srcset=\"https:\/\/meos-isny.de\/wp-content\/uploads\/2025\/07\/meos_bistro-1-1024x768.jpg 1024w, https:\/\/meos-isny.de\/wp-content\/uploads\/2025\/07\/meos_bistro-1-300x225.jpg 300w, https:\/\/meos-isny.de\/wp-content\/uploads\/2025\/07\/meos_bistro-1-768x576.jpg 768w, https:\/\/meos-isny.de\/wp-content\/uploads\/2025\/07\/meos_bistro-1-1536x1152.jpg 1536w, https:\/\/meos-isny.de\/wp-content\/uploads\/2025\/07\/meos_bistro-1-2048x1536.jpg 2048w\" sizes=\"auto, (max-width: 1024px) 100vw, 1024px\" \/><\/figure><\/div>\n\n\n\n<div class=\"wp-block-media-text alignwide is-stacked-on-mobile\"><figure class=\"wp-block-media-text__media\"><img loading=\"lazy\" decoding=\"async\" width=\"1024\" height=\"750\" src=\"https:\/\/meos-isny.de\/wp-content\/uploads\/2025\/07\/meos_eventraum-1024x750.jpeg\" alt=\"\" class=\"wp-image-247 size-full\" srcset=\"https:\/\/meos-isny.de\/wp-content\/uploads\/2025\/07\/meos_eventraum-1024x750.jpeg 1024w, https:\/\/meos-isny.de\/wp-content\/uploads\/2025\/07\/meos_eventraum-300x220.jpeg 300w, https:\/\/meos-isny.de\/wp-content\/uploads\/2025\/07\/meos_eventraum-768x563.jpeg 768w, https:\/\/meos-isny.de\/wp-content\/uploads\/2025\/07\/meos_eventraum-1536x1125.jpeg 1536w, https:\/\/meos-isny.de\/wp-content\/uploads\/2025\/07\/meos_eventraum-2048x1500.jpeg 2048w\" sizes=\"auto, (max-width: 1024px) 100vw, 1024px\" \/><\/figure><div class=\"wp-block-media-text__content\">\n<p><strong>Eventraum f\u00fcr Deine Ideen<\/strong><br>Buche unser Wohnzimmer f\u00fcr Workshops, Vortr\u00e4ge oder private Feiern \u2013 mit oder ohne individuelles Catering.<\/p>\n<\/div><\/div>\n\n\n\n<div class=\"wp-block-media-text alignwide has-media-on-the-right is-stacked-on-mobile\"><div class=\"wp-block-media-text__content\">\n<p><strong>C<strong>o-Working mit Genuss<\/strong><\/strong><br>Arbeite in Ruhe im separaten Raum mit Bildschirm, Tastatur und Maus \u2013 und erhalte 10\u202f% Rabatt auf unser Mittagsangebot.<\/p>\n<\/div><figure class=\"wp-block-media-text__media\"><img loading=\"lazy\" decoding=\"async\" width=\"1024\" height=\"768\" src=\"https:\/\/meos-isny.de\/wp-content\/uploads\/2025\/07\/meos_coworking-1024x768.jpeg\" alt=\"\" class=\"wp-image-248 size-full\" srcset=\"https:\/\/meos-isny.de\/wp-content\/uploads\/2025\/07\/meos_coworking-1024x768.jpeg 1024w, https:\/\/meos-isny.de\/wp-content\/uploads\/2025\/07\/meos_coworking-300x225.jpeg 300w, https:\/\/meos-isny.de\/wp-content\/uploads\/2025\/07\/meos_coworking-768x576.jpeg 768w, https:\/\/meos-isny.de\/wp-content\/uploads\/2025\/07\/meos_coworking-1536x1152.jpeg 1536w, https:\/\/meos-isny.de\/wp-content\/uploads\/2025\/07\/meos_coworking-2048x1536.jpeg 2048w\" sizes=\"auto, (max-width: 1024px) 100vw, 1024px\" \/><\/figure><\/div>\n\n\n\n<div class=\"wp-block-media-text alignwide is-stacked-on-mobile\"><figure class=\"wp-block-media-text__media\"><img decoding=\"async\" src=\"https:\/\/meos-isny.de\/wp-content\/uploads\/2025\/07\/meos_popup-store-1.jpg\" alt=\"\" class=\"wp-image-250 size-full\"\/><\/figure><div class=\"wp-block-media-text__content\">\n<p><strong><strong><strong>Produkte von regionalen <\/strong><\/strong><\/strong><b>K\u00fcnstle<\/b><strong><strong><strong>r*Innen<\/strong><\/strong><\/strong><br>Entdecke liebevoll gestaltete Geschenkideen und handgemachte Unikate von Handwerkern &amp; K\u00fcnstlern aus der Region.<\/p>\n<\/div><\/div>\n\n\n\n<div class=\"wp-block-media-text alignwide has-media-on-the-right is-stacked-on-mobile\"><div class=\"wp-block-media-text__content\">\n<p><strong style=\"caret-color: rgb(0, 0, 0); color: rgb(0, 0, 0); white-space: normal;\"><strong>Biergarten-Oase mitten in Isny<\/strong><\/strong><br>Mitten in Isny und doch ganz entspannt \u2013 hier l\u00e4sst Du die Seele baumeln in Deiner Mittagspause oder bei Kaffee, Kuchen sowie mit einem erfrischenden Drink.<\/p>\n<\/div><figure class=\"wp-block-media-text__media\"><img loading=\"lazy\" decoding=\"async\" width=\"1024\" height=\"768\" src=\"https:\/\/meos-isny.de\/wp-content\/uploads\/2025\/07\/meos_biergarten2-1024x768.jpg\" alt=\"\" class=\"wp-image-251 size-full\" srcset=\"https:\/\/meos-isny.de\/wp-content\/uploads\/2025\/07\/meos_biergarten2-1024x768.jpg 1024w, https:\/\/meos-isny.de\/wp-content\/uploads\/2025\/07\/meos_biergarten2-300x225.jpg 300w, https:\/\/meos-isny.de\/wp-content\/uploads\/2025\/07\/meos_biergarten2-768x576.jpg 768w, https:\/\/meos-isny.de\/wp-content\/uploads\/2025\/07\/meos_biergarten2-1536x1152.jpg 1536w, https:\/\/meos-isny.de\/wp-content\/uploads\/2025\/07\/meos_biergarten2-2048x1536.jpg 2048w\" sizes=\"auto, (max-width: 1024px) 100vw, 1024px\" \/><\/figure><\/div>\n<\/div>\n\n\n\n<div class=\"wp-block-group alignfull has-tertiary-background-color has-background has-global-padding is-layout-constrained wp-container-core-group-is-layout-5d554796 wp-block-group-is-layout-constrained\" style=\"border-top-width:1px;margin-top:0;margin-bottom:0;padding-top:var(--wp--preset--spacing--60);padding-right:0;padding-bottom:var(--wp--preset--spacing--60);padding-left:0\">\n<div class=\"wp-block-columns alignwide are-vertically-aligned-center is-layout-flex wp-container-core-columns-is-layout-47c06fe3 wp-block-columns-is-layout-flex\">\n<div class=\"wp-block-column is-vertically-aligned-center is-layout-flow wp-block-column-is-layout-flow\">\n<div class=\"wp-block-group has-global-padding is-content-justification-left is-layout-constrained wp-container-core-group-is-layout-12dd3699 wp-block-group-is-layout-constrained\">\n<h2 class=\"wp-block-heading\">Entdecke unsere Speisekarte<\/h2>\n\n\n\n<p style=\"margin-top:16px\">St\u00f6bere durch unsere aktuelle Speisekarte mit vielf\u00e4ltigen, hausgemachten Gerichten auf rein pflanzlicher Basis. Ob herzhaft oder leicht \u2013 bei uns findest Du liebevoll zubereitete Mittagsangebote, Bowls, Wraps, Pancakes und mehr.<\/p>\n\n\n\n<p style=\"margin-top:16px\">Finde Dein neues Lieblingsgericht.<\/p>\n\n\n\n<div class=\"wp-block-buttons is-layout-flex wp-container-core-buttons-is-layout-12dcd427 wp-block-buttons-is-layout-flex\" style=\"margin-top:var(--wp--preset--spacing--40)\">\n<div class=\"wp-block-button\"><a class=\"wp-block-button__link wp-element-button\" href=\"https:\/\/meos-isny.de\/?page_id=46\" target=\"_blank\" rel=\"noreferrer noopener\">Zur Speisekarte<\/a><\/div>\n<\/div>\n<\/div>\n<\/div>\n<\/div>\n<\/div>\n","protected":false},"excerpt":{"rendered":"<p>Ob Fr\u00fchst\u00fcck, Mittagessen oder Kuchenpause \u2013 bei uns genie\u00dft du\u00a0rein pflanzliche, hausgemachte Gerichte voller Geschmack. Wir m\u00f6chten niemanden \u00fcberzeugen, sondern dir zeigen, wie abwechslungsreich und k\u00f6stlich pflanzliche K\u00fcche sein kann. St\u00f6bere durch regionale Kunst im Pop-up-Store, buche unser Wohnzimmer f\u00fcr dein Event oder finde Ruhe im Co-Working Space \u2013 all diese M\u00f6glichkeiten findest Du bei uns.<\/p>\n","protected":false},"author":1,"featured_media":0,"parent":0,"menu_order":0,"comment_status":"closed","ping_status":"closed","template":"no-title","meta":{"_EventAllDay":false,"_EventTimezone":"","_EventStartDate":"","_EventEndDate":"","_EventStartDateUTC":"","_EventEndDateUTC":"","_EventShowMap":false,"_EventShowMapLink":false,"_EventURL":"","_EventCost":"","_EventCostDescription":"","_EventCurrencySymbol":"","_EventCurrencyCode":"","_EventCurrencyPosition":"","_EventDateTimeSeparator":"","_EventTimeRangeSeparator":"","_EventOrganizerID":[],"_EventVenueID":[],"_OrganizerEmail":"","_OrganizerPhone":"","_OrganizerWebsite":"","_VenueAddress":"","_VenueCity":"","_VenueCountry":"","_VenueProvince":"","_VenueState":"","_VenueZip":"","_VenuePhone":"","_VenueURL":"","_VenueStateProvince":"","_VenueLat":"","_VenueLng":"","_VenueShowMap":false,"_VenueShowMapLink":false,"footnotes":""},"class_list":["post-236","page","type-page","status-publish","hentry"],"aioseo_notices":[],"_links":{"self":[{"href":"https:\/\/meos-isny.de\/index.php?rest_route=\/wp\/v2\/pages\/236","targetHints":{"allow":["GET"]}}],"collection":[{"href":"https:\/\/meos-isny.de\/index.php?rest_route=\/wp\/v2\/pages"}],"about":[{"href":"https:\/\/meos-isny.de\/index.php?rest_route=\/wp\/v2\/types\/page"}],"author":[{"embeddable":true,"href":"https:\/\/meos-isny.de\/index.php?rest_route=\/wp\/v2\/users\/1"}],"replies":[{"embeddable":true,"href":"https:\/\/meos-isny.de\/index.php?rest_route=%2Fwp%2Fv2%2Fcomments&post=236"}],"version-history":[{"count":13,"href":"https:\/\/meos-isny.de\/index.php?rest_route=\/wp\/v2\/pages\/236\/revisions"}],"predecessor-version":[{"id":475,"href":"https:\/\/meos-isny.de\/index.php?rest_route=\/wp\/v2\/pages\/236\/revisions\/475"}],"wp:attachment":[{"href":"https:\/\/meos-isny.de\/index.php?rest_route=%2Fwp%2Fv2%2Fmedia&parent=236"}],"curies":[{"name":"wp","href":"https:\/\/api.w.org\/{rel}","templated":true}]}}