{"id":46,"date":"2025-07-22T15:14:40","date_gmt":"2025-07-22T15:14:40","guid":{"rendered":"https:\/\/meos-isny.de\/speisekarte-4\/"},"modified":"2026-03-24T09:44:25","modified_gmt":"2026-03-24T09:44:25","slug":"speisekarte-4","status":"publish","type":"page","link":"https:\/\/meos-isny.de\/?page_id=46","title":{"rendered":"Speisekarte"},"content":{"rendered":"\n<div class=\"wp-block-group alignfull has-background-background-color has-background has-global-padding is-layout-constrained wp-block-group-is-layout-constrained\" id=\"speisekarte\" style=\"border-top-width:1px;margin-top:0;margin-bottom:0;padding-top:var(--wp--preset--spacing--60);padding-bottom:var(--wp--preset--spacing--60)\">\n<div class=\"wp-block-group alignwide is-vertical is-content-justification-center is-layout-flex wp-container-core-group-is-layout-ce155fab wp-block-group-is-layout-flex\">\n<div class=\"wp-block-group is-nowrap is-layout-flex wp-container-core-group-is-layout-6c531013 wp-block-group-is-layout-flex\">\n<div class=\"wp-block-group alignwide has-global-padding is-content-justification-center is-layout-constrained wp-block-group-is-layout-constrained\">\n<h2 class=\"wp-block-heading\"><strong>So schmeckt Vielfalt \u2013 frisch, pflanzlich, \u00fcberraschend<\/strong><\/h2>\n\n\n\n<p class=\"has-text-align-left\" style=\"margin-top:16px\">Entdecke unsere vielf\u00e4ltige Speisekarte mit saisonalen und rein pflanzlichen K\u00f6stlichkeiten. Unsere K\u00fcche ist t\u00e4glich bis 14 Uhr ge\u00f6ffnet.<br><br>In unserem Bistro stehen Qualit\u00e4t und Frische an erster Stelle. Viele unserer Zutaten stammen aus biologischem Anbau. Besonders achten wir darauf, dass alle soja-haltigen Zutaten stets aus kontrolliert biologischer Herkunft sind, um Gentechnik zu vermeiden. Unsere hausgebackenen Leckereien bereiten wir mit viel Liebe, Bio-Dinkelmehl &amp; -Rohrohrzucker zu.<br><strong>Bei Fragen zu Allergenen beraten wir Dich gerne oder bringen Dir unser Allergenmen\u00fc.<\/strong><\/p>\n\n\n\n<p>In unserer K\u00fchltheke findest Du auch hausgebackene Kuchen und andere Verlockungen.<\/p>\n<\/div>\n<\/div>\n<\/div>\n\n\n\n<h3 class=\"wp-block-heading has-text-align-center\">Fr\u00fchst\u00fcck oder Snack<\/h3>\n\n\n\n<div class=\"wp-block-group alignwide has-global-padding is-layout-constrained wp-block-group-is-layout-constrained\">\n<div class=\"wp-block-columns alignwide is-layout-flex wp-container-core-columns-is-layout-87beb0d0 wp-block-columns-is-layout-flex\">\n<div class=\"wp-block-column is-layout-flow wp-block-column-is-layout-flow\" style=\"border-width:1px;padding-top:var(--wp--preset--spacing--30);padding-right:var(--wp--preset--spacing--30);padding-bottom:var(--wp--preset--spacing--30);padding-left:var(--wp--preset--spacing--30)\">\n<div class=\"wp-block-group is-content-justification-space-between is-nowrap is-layout-flex wp-container-core-group-is-layout-cb46ffcb wp-block-group-is-layout-flex\">\n<h3 class=\"wp-block-heading\" style=\"font-size:clamp(14px, 0.875rem + ((1vw - 3.2px) * 0.625), 20px);line-height:1.5\">Granola Bowl<\/h3>\n\n\n\n<h3 class=\"wp-block-heading\" style=\"font-size:clamp(14px, 0.875rem + ((1vw - 3.2px) * 0.625), 20px);line-height:1.5\">5,50 \u20ac<\/h3>\n<\/div>\n\n\n\n<p class=\"has-small-font-size\" style=\"margin-top:12px\">Bio Kokosjoghurt &amp; Bio Kokos-Mandel-Granola<br>+ Heidelberen &#8211;<strong>&nbsp;2,5<\/strong> <br>+ Mango-Creme &#8211;&nbsp;<strong>2,90\u20ac<\/strong><br>+ frisches Obst &#8211;&nbsp;<strong>3,90\u20ac<\/strong><br>+ Haselnussmus &#8211;&nbsp;<strong>2\u20ac<\/strong><br>+ Chia Samen &#8211;&nbsp;<strong>1\u20ac<\/strong><br>+ Schokostreusel&nbsp;<strong>0,50\u20ac<\/strong><\/p>\n<\/div>\n\n\n\n<div class=\"wp-block-column is-layout-flow wp-block-column-is-layout-flow\" style=\"border-width:1px;padding-top:var(--wp--preset--spacing--30);padding-right:var(--wp--preset--spacing--30);padding-bottom:var(--wp--preset--spacing--30);padding-left:var(--wp--preset--spacing--30)\">\n<div class=\"wp-block-group is-content-justification-space-between is-nowrap is-layout-flex wp-container-core-group-is-layout-cb46ffcb wp-block-group-is-layout-flex\">\n<h3 class=\"wp-block-heading\" style=\"font-size:clamp(14px, 0.875rem + ((1vw - 3.2px) * 0.625), 20px);line-height:1.5\"><strong>Smoky Tofu Wrap&nbsp;<\/strong><\/h3>\n\n\n\n<h3 class=\"wp-block-heading\" style=\"font-size:clamp(14px, 0.875rem + ((1vw - 3.2px) * 0.625), 20px);line-height:1.5\">7,90 \u20ac<\/h3>\n<\/div>\n\n\n\n<p class=\"has-small-font-size\" style=\"margin-top:12px\">Bio R\u00e4uchertofu, Karotte, Rotkraut, Salat, SweetChili-und Tahiniso\u00dfe<\/p>\n\n\n\n<h6 class=\"wp-block-heading\"><strong>Fake Feta Wrap&nbsp;<\/strong>                                                                                 7,90 \u20ac<\/h6>\n\n\n\n<p class=\"has-small-font-size\" style=\"margin-top:12px\">veganer Feta, Tzatziki, Rotkraut, Karotte, Salat<\/p>\n<\/div>\n<\/div>\n\n\n\n<h3 class=\"wp-block-heading has-text-align-center\">Pancake Fusion s\u00fc\u00df<\/h3>\n\n\n\n<pre class=\"wp-block-verse has-text-align-center\">Bio Dinkel Pancakes, mit s\u00fc\u00dfen Zutaten belegt<\/pre>\n\n\n\n<div class=\"wp-block-columns alignwide is-layout-flex wp-container-core-columns-is-layout-87beb0d0 wp-block-columns-is-layout-flex\">\n<div class=\"wp-block-column is-layout-flow wp-block-column-is-layout-flow\" style=\"border-width:1px;padding-top:var(--wp--preset--spacing--30);padding-right:var(--wp--preset--spacing--30);padding-bottom:var(--wp--preset--spacing--30);padding-left:var(--wp--preset--spacing--30)\">\n<div class=\"wp-block-group is-content-justification-space-between is-nowrap is-layout-flex wp-container-core-group-is-layout-cb46ffcb wp-block-group-is-layout-flex\">\n<h3 class=\"wp-block-heading\" style=\"font-size:clamp(14px, 0.875rem + ((1vw - 3.2px) * 0.625), 20px);line-height:1.5\">Banana Choc <\/h3>\n\n\n\n<h3 class=\"wp-block-heading\" style=\"font-size:clamp(14px, 0.875rem + ((1vw - 3.2px) * 0.625), 20px);line-height:1.5\">9,70\u20ac<\/h3>\n<\/div>\n\n\n\n<p class=\"has-small-font-size\" style=\"margin-top:12px\">Banane, BioNuss Nougat Creme, Schokostreusel<\/p>\n<\/div>\n\n\n\n<div class=\"wp-block-column is-layout-flow wp-block-column-is-layout-flow\" style=\"border-width:1px;padding-top:var(--wp--preset--spacing--30);padding-right:var(--wp--preset--spacing--30);padding-bottom:var(--wp--preset--spacing--30);padding-left:var(--wp--preset--spacing--30)\">\n<div class=\"wp-block-group is-content-justification-space-between is-nowrap is-layout-flex wp-container-core-group-is-layout-cb46ffcb wp-block-group-is-layout-flex\">\n<h3 class=\"wp-block-heading\" style=\"font-size:clamp(14px, 0.875rem + ((1vw - 3.2px) * 0.625), 20px);line-height:1.5\">Apple on a cloud<\/h3>\n\n\n\n<h3 class=\"wp-block-heading\" style=\"font-size:clamp(14px, 0.875rem + ((1vw - 3.2px) * 0.625), 20px);line-height:1.5\">6,70\u20ac<\/h3>\n<\/div>\n\n\n\n<p class=\"has-small-font-size\" style=\"margin-top:12px\">Bio Apfelmus, Zimt &amp; Zucke<\/p>\n<\/div>\n\n\n\n<div class=\"wp-block-column is-layout-flow wp-block-column-is-layout-flow\" style=\"border-width:1px;padding-top:var(--wp--preset--spacing--30);padding-right:var(--wp--preset--spacing--30);padding-bottom:var(--wp--preset--spacing--30);padding-left:var(--wp--preset--spacing--30)\">\n<div class=\"wp-block-group is-content-justification-space-between is-nowrap is-layout-flex wp-container-core-group-is-layout-cb46ffcb wp-block-group-is-layout-flex\">\n<h3 class=\"wp-block-heading\" style=\"font-size:clamp(14px, 0.875rem + ((1vw - 3.2px) * 0.625), 20px);line-height:1.5\">Frozen Blueberry<\/h3>\n\n\n\n<h3 class=\"wp-block-heading\" style=\"font-size:clamp(14px, 0.875rem + ((1vw - 3.2px) * 0.625), 20px);line-height:1.5\">10,70 \u20ac<\/h3>\n<\/div>\n\n\n\n<p class=\"has-small-font-size\" style=\"margin-top:12px\">Gefrorene Bio Heidelbeeren, welche langsam auf dem warmen Pancake auftauen, Bio Kokos-Mandel-Granola, Bio Ahornsirup<\/p>\n<\/div>\n<\/div>\n<\/div>\n\n\n\n<div class=\"wp-block-group alignwide has-global-padding is-layout-constrained wp-block-group-is-layout-constrained\">\n<h3 class=\"wp-block-heading has-text-align-center\">Pancake Fusion herzhaft<\/h3>\n\n\n\n<pre class=\"wp-block-verse has-text-align-center\">Bio Dinkel Pancakes, herzhaften Zutaten belegt<\/pre>\n\n\n\n<div class=\"wp-block-columns alignwide is-layout-flex wp-container-core-columns-is-layout-87beb0d0 wp-block-columns-is-layout-flex\">\n<div class=\"wp-block-column is-layout-flow wp-block-column-is-layout-flow\" style=\"border-width:1px;padding-top:var(--wp--preset--spacing--30);padding-right:var(--wp--preset--spacing--30);padding-bottom:var(--wp--preset--spacing--30);padding-left:var(--wp--preset--spacing--30)\">\n<div class=\"wp-block-group is-content-justification-space-between is-nowrap is-layout-flex wp-container-core-group-is-layout-cb46ffcb wp-block-group-is-layout-flex\">\n<h3 class=\"wp-block-heading\" style=\"font-size:clamp(14px, 0.875rem + ((1vw - 3.2px) * 0.625), 20px);line-height:1.5\">Lulus Favorite<\/h3>\n\n\n\n<h3 class=\"wp-block-heading\" style=\"font-size:clamp(14px, 0.875rem + ((1vw - 3.2px) * 0.625), 20px);line-height:1.5\">13,70\u20ac<\/h3>\n<\/div>\n\n\n\n<p class=\"has-small-font-size\" style=\"margin-top:12px\">Tzatziki, R\u00e4uchertofu, Salat, Karotte, Rotkraut, Tomate, Gurke, Fr\u00fchlingszwiebel, Sweet-Chilliso\u00dfe<\/p>\n<\/div>\n\n\n\n<div class=\"wp-block-column is-layout-flow wp-block-column-is-layout-flow\" style=\"border-width:1px;padding-top:var(--wp--preset--spacing--30);padding-right:var(--wp--preset--spacing--30);padding-bottom:var(--wp--preset--spacing--30);padding-left:var(--wp--preset--spacing--30)\">\n<div class=\"wp-block-group is-content-justification-space-between is-nowrap is-layout-flex wp-container-core-group-is-layout-cb46ffcb wp-block-group-is-layout-flex\">\n<h3 class=\"wp-block-heading\" style=\"font-size:clamp(14px, 0.875rem + ((1vw - 3.2px) * 0.625), 20px);line-height:1.5\">Mediterranean Love<\/h3>\n\n\n\n<h3 class=\"wp-block-heading\" style=\"font-size:clamp(14px, 0.875rem + ((1vw - 3.2px) * 0.625), 20px);line-height:1.5\">12,70\u20ac<\/h3>\n<\/div>\n\n\n\n<p class=\"has-small-font-size\" style=\"margin-top:12px\">Feta-Creme mit Datteln und Schwarzk\u00fcmmel, Rucola, Tomate, Balsamico-Creme<\/p>\n<\/div>\n<\/div>\n<\/div>\n\n\n\n<div class=\"wp-block-group alignwide has-global-padding is-layout-constrained wp-block-group-is-layout-constrained\">\n<h3 class=\"wp-block-heading has-text-align-center\">Ab 12 Uhr<\/h3>\n\n\n\n<div class=\"wp-block-columns alignwide is-layout-flex wp-container-core-columns-is-layout-87beb0d0 wp-block-columns-is-layout-flex\">\n<div class=\"wp-block-column is-layout-flow wp-block-column-is-layout-flow\" style=\"border-width:1px;padding-top:var(--wp--preset--spacing--30);padding-right:var(--wp--preset--spacing--30);padding-bottom:var(--wp--preset--spacing--30);padding-left:var(--wp--preset--spacing--30)\">\n<div class=\"wp-block-group is-content-justification-center is-nowrap is-layout-flex wp-container-core-group-is-layout-23441af8 wp-block-group-is-layout-flex\">\n<h3 class=\"wp-block-heading has-text-align-center\" style=\"font-size:clamp(14px, 0.875rem + ((1vw - 3.2px) * 0.625), 20px);line-height:1.5\">MEO`S Bowl<\/h3>\n<\/div>\n\n\n\n<p class=\"has-text-align-center has-small-font-size\" style=\"margin-top:12px\">Bio Basmatireis, Karotte, Rotkraut, Bio Kichererbsen mit Erdnussso\u00dfe<br>+ R\u00e4uchertofu <strong>2,90\u20ac<\/strong><br>+ Tofubratschnitte <strong>3,30\u20ac<\/strong><\/p>\n<\/div>\n\n\n\n<div class=\"wp-block-column is-layout-flow wp-block-column-is-layout-flow\" style=\"border-width:1px;padding-top:var(--wp--preset--spacing--30);padding-right:var(--wp--preset--spacing--30);padding-bottom:var(--wp--preset--spacing--30);padding-left:var(--wp--preset--spacing--30)\">\n<div class=\"wp-block-group is-content-justification-center is-nowrap is-layout-flex wp-container-core-group-is-layout-23441af8 wp-block-group-is-layout-flex\">\n<h3 class=\"wp-block-heading has-text-align-center\" style=\"font-size:clamp(14px, 0.875rem + ((1vw - 3.2px) * 0.625), 20px);line-height:1.5\">Rainbow Sunshine Salad<\/h3>\n<\/div>\n\n\n\n<p class=\"has-text-align-center has-small-font-size\" style=\"margin-top:12px\">Gemischter Salat mit hellem Balsamico- oder Soja-Joghurt-Dressing <br>klein <strong>6,90\u20ac<\/strong><br>gro\u00df <strong>10,90\u20ac<\/strong><\/p>\n<\/div>\n<\/div>\n\n\n\n<div class=\"wp-block-columns alignwide is-layout-flex wp-container-core-columns-is-layout-87beb0d0 wp-block-columns-is-layout-flex\">\n<div class=\"wp-block-column is-layout-flow wp-block-column-is-layout-flow\" style=\"border-width:1px;padding-top:var(--wp--preset--spacing--30);padding-right:var(--wp--preset--spacing--30);padding-bottom:var(--wp--preset--spacing--30);padding-left:var(--wp--preset--spacing--30)\">\n<div class=\"wp-block-group is-content-justification-center is-nowrap is-layout-flex wp-container-core-group-is-layout-23441af8 wp-block-group-is-layout-flex\">\n<h3 class=\"wp-block-heading has-text-align-center\" style=\"font-size:clamp(14px, 0.875rem + ((1vw - 3.2px) * 0.625), 20px);line-height:1.5\">Wechselndes Mittagsangebot<\/h3>\n<\/div>\n\n\n\n<p class=\"has-text-align-center has-small-font-size\" style=\"margin-top:12px\">Von Dienstag bis Donnerstag bieten wir zus\u00e4tzlich zu den Speisen auf unserer Karte jeden Tag ein frisch gekochtes Gericht.<br><a href=\"https:\/\/meos-isny.de\/?page_id=31\" title=\"Wechselnde Wochenkarte\">Hier geht es zur Wochenkarte KW 13<\/a><\/p>\n<\/div>\n<\/div>\n<\/div>\n<\/div>\n\n\n\n<div class=\"wp-block-group alignfull has-tertiary-background-color has-background has-global-padding is-layout-constrained wp-container-core-group-is-layout-7d1597ee wp-block-group-is-layout-constrained\" id=\"ueber-uns\" style=\"border-top-width:1px;margin-top:0;margin-bottom:0;padding-top:var(--wp--preset--spacing--60);padding-right:0;padding-bottom:var(--wp--preset--spacing--60);padding-left:0\">\n<div class=\"wp-block-columns alignwide is-layout-flex wp-container-core-columns-is-layout-d0bbbce0 wp-block-columns-is-layout-flex\">\n<div class=\"wp-block-column is-layout-flow wp-block-column-is-layout-flow\">\n<div class=\"wp-block-group has-global-padding is-layout-constrained wp-block-group-is-layout-constrained\" style=\"padding-top:var(--wp--preset--spacing--60);padding-bottom:var(--wp--preset--spacing--60)\">\n<h2 class=\"wp-block-heading\">Entdecke pflanzliche K\u00f6stlichkeiten und kreative R\u00e4ume in Isny<\/h2>\n\n\n\n<p style=\"margin-top:16px\">MEO\u00b4S vereint pflanzliche K\u00fcche mit regionaler Kunst und inspirierenden Workshops, um Genuss und Kreativit\u00e4t im Allg\u00e4u zu f\u00f6rdern.<\/p>\n<\/div>\n<\/div>\n\n\n\n<div class=\"wp-block-column is-layout-flow wp-block-column-is-layout-flow\">\n<figure class=\"wp-block-image size-large\"><img loading=\"lazy\" decoding=\"async\" width=\"683\" height=\"1024\" src=\"https:\/\/meos-isny.de\/wp-content\/uploads\/2025\/10\/WhatsApp-Image-2025-01-14-at-09.58.54-1-683x1024.jpeg\" alt=\"\" class=\"wp-image-381\" style=\"aspect-ratio:4\/3;object-fit:cover\" srcset=\"https:\/\/meos-isny.de\/wp-content\/uploads\/2025\/10\/WhatsApp-Image-2025-01-14-at-09.58.54-1-683x1024.jpeg 683w, https:\/\/meos-isny.de\/wp-content\/uploads\/2025\/10\/WhatsApp-Image-2025-01-14-at-09.58.54-1-200x300.jpeg 200w, https:\/\/meos-isny.de\/wp-content\/uploads\/2025\/10\/WhatsApp-Image-2025-01-14-at-09.58.54-1-768x1152.jpeg 768w, https:\/\/meos-isny.de\/wp-content\/uploads\/2025\/10\/WhatsApp-Image-2025-01-14-at-09.58.54-1-1024x1536.jpeg 1024w, https:\/\/meos-isny.de\/wp-content\/uploads\/2025\/10\/WhatsApp-Image-2025-01-14-at-09.58.54-1.jpeg 1365w\" sizes=\"auto, (max-width: 683px) 100vw, 683px\" \/><\/figure>\n<\/div>\n<\/div>\n<\/div>\n\n\n\n<div class=\"wp-block-group alignfull has-background-background-color has-background has-global-padding is-layout-constrained wp-container-core-group-is-layout-5d554796 wp-block-group-is-layout-constrained\" style=\"border-top-width:1px;margin-top:0;margin-bottom:0;padding-top:var(--wp--preset--spacing--60);padding-right:0;padding-bottom:var(--wp--preset--spacing--60);padding-left:0\">\n<div class=\"wp-block-columns alignwide are-vertically-aligned-center is-layout-flex wp-container-core-columns-is-layout-47c06fe3 wp-block-columns-is-layout-flex\">\n<div class=\"wp-block-column is-vertically-aligned-center is-layout-flow wp-block-column-is-layout-flow\">\n<div class=\"wp-block-group has-global-padding is-content-justification-left is-layout-constrained wp-container-core-group-is-layout-12dd3699 wp-block-group-is-layout-constrained\">\n<h2 class=\"wp-block-heading\">Ein Ort f\u00fcr Genuss, Kreativit\u00e4t und Zusammenkunft<\/h2>\n\n\n\n<p style=\"margin-top:16px\">Unsere Men\u00fcpreise zeigen die Qualit\u00e4t und Frische unserer regionalen, pflanzlichen Gerichte auf.<\/p>\n\n\n\n<div class=\"wp-block-buttons is-layout-flex wp-container-core-buttons-is-layout-12dcd427 wp-block-buttons-is-layout-flex\" style=\"margin-top:var(--wp--preset--spacing--40)\">\n<div class=\"wp-block-button\"><a class=\"wp-block-button__link wp-element-button\" href=\"#extendify-cta\">Mehr entdecken<\/a><\/div>\n<\/div>\n<\/div>\n<\/div>\n<\/div>\n<\/div>\n","protected":false},"excerpt":{"rendered":"<p>So schmeckt Vielfalt \u2013 frisch, pflanzlich, \u00fcberraschend Entdecke unsere vielf\u00e4ltige Speisekarte mit saisonalen und rein pflanzlichen K\u00f6stlichkeiten. Unsere K\u00fcche ist t\u00e4glich bis 14 Uhr ge\u00f6ffnet. In unserem Bistro stehen Qualit\u00e4t [&hellip;]<\/p>\n","protected":false},"author":1,"featured_media":0,"parent":0,"menu_order":1,"comment_status":"closed","ping_status":"closed","template":"page-with-title","meta":{"_EventAllDay":false,"_EventTimezone":"","_EventStartDate":"","_EventEndDate":"","_EventStartDateUTC":"","_EventEndDateUTC":"","_EventShowMap":false,"_EventShowMapLink":false,"_EventURL":"","_EventCost":"","_EventCostDescription":"","_EventCurrencySymbol":"","_EventCurrencyCode":"","_EventCurrencyPosition":"","_EventDateTimeSeparator":"","_EventTimeRangeSeparator":"","_EventOrganizerID":[],"_EventVenueID":[],"_OrganizerEmail":"","_OrganizerPhone":"","_OrganizerWebsite":"","_VenueAddress":"","_VenueCity":"","_VenueCountry":"","_VenueProvince":"","_VenueState":"","_VenueZip":"","_VenuePhone":"","_VenueURL":"","_VenueStateProvince":"","_VenueLat":"","_VenueLng":"","_VenueShowMap":false,"_VenueShowMapLink":false,"footnotes":""},"class_list":["post-46","page","type-page","status-publish","hentry"],"aioseo_notices":[],"_links":{"self":[{"href":"https:\/\/meos-isny.de\/index.php?rest_route=\/wp\/v2\/pages\/46","targetHints":{"allow":["GET"]}}],"collection":[{"href":"https:\/\/meos-isny.de\/index.php?rest_route=\/wp\/v2\/pages"}],"about":[{"href":"https:\/\/meos-isny.de\/index.php?rest_route=\/wp\/v2\/types\/page"}],"author":[{"embeddable":true,"href":"https:\/\/meos-isny.de\/index.php?rest_route=\/wp\/v2\/users\/1"}],"replies":[{"embeddable":true,"href":"https:\/\/meos-isny.de\/index.php?rest_route=%2Fwp%2Fv2%2Fcomments&post=46"}],"version-history":[{"count":29,"href":"https:\/\/meos-isny.de\/index.php?rest_route=\/wp\/v2\/pages\/46\/revisions"}],"predecessor-version":[{"id":569,"href":"https:\/\/meos-isny.de\/index.php?rest_route=\/wp\/v2\/pages\/46\/revisions\/569"}],"wp:attachment":[{"href":"https:\/\/meos-isny.de\/index.php?rest_route=%2Fwp%2Fv2%2Fmedia&parent=46"}],"curies":[{"name":"wp","href":"https:\/\/api.w.org\/{rel}","templated":true}]}}